{"id":1142,"date":"2025-03-20T13:26:43","date_gmt":"2025-03-20T12:26:43","guid":{"rendered":"https:\/\/andrerehse.com\/impressum\/"},"modified":"2025-04-02T18:01:50","modified_gmt":"2025-04-02T16:01:50","slug":"impressum","status":"publish","type":"page","link":"https:\/\/andrerehse.com\/de\/impressum\/","title":{"rendered":"Impressum"},"content":{"rendered":"\t\t<div data-elementor-type=\"wp-page\" data-elementor-id=\"1142\" class=\"elementor elementor-1142 elementor-546\" data-elementor-post-type=\"page\">\n\t\t\t\t<div class=\"elementor-element elementor-element-ac29d07 e-flex e-con-boxed e-con e-parent\" data-id=\"ac29d07\" data-element_type=\"container\" data-e-type=\"container\" data-settings=\"{&quot;background_background&quot;:&quot;classic&quot;}\">\n\t\t\t\t\t<div class=\"e-con-inner\">\n\t\t\t\t<div class=\"elementor-element elementor-element-f1dfdd6 elementor-widget elementor-widget-heading\" data-id=\"f1dfdd6\" data-element_type=\"widget\" data-e-type=\"widget\" data-widget_type=\"heading.default\">\n\t\t\t\t\t<h1 class=\"elementor-heading-title elementor-size-default\">Impressum<span class=\"colors\" style=\"margin-left:-5px\">.<\/span><\/h1>\t\t\t\t<\/div>\n\t\t\t\t\t<\/div>\n\t\t\t\t<\/div>\n\t\t<div class=\"elementor-element elementor-element-a9f181a texto e-flex e-con-boxed e-con e-parent\" data-id=\"a9f181a\" data-element_type=\"container\" data-e-type=\"container\">\n\t\t\t\t\t<div class=\"e-con-inner\">\n\t\t\t\t<div class=\"elementor-element elementor-element-708aa16 elementor-widget elementor-widget-text-editor\" data-id=\"708aa16\" data-element_type=\"widget\" data-e-type=\"widget\" data-widget_type=\"text-editor.default\">\n\t\t\t\t\t\t\t\t\t<p>Anbieter &amp; Verantwortlicher gem\u00e4\u00df \u00a710 Abs.3 MDStV sowie f\u00fcr redaktionelle Inhalte nach \u00a755 Abs.2 RStV<\/p><p>Andr\u00e9 Rehse<br>Freiberuflicher Journalist und Videoproduzent<br>Bl\u00fccherstrasse 22<br>10961 Berlin &#8211; Germany<br>UStID\/VAT No.: DE 208086367<br>Kontakt: contact@andrerehse.de<\/p><h2>Inhalte und Haftungsausschluss<\/h2><p>Die vorstehenden Informationen und Texte sind nach bestem Wissen erstellt. F\u00fcr Richtigkeit und Aktualit\u00e4t kann dennoch keine Haftung \u00fcbernommen werden. F\u00fcr den Inhalt der verlinkten Seiten sind ausschlie\u00dflich deren Betreiber verantwortlich.<\/p><h2>Weitergabe<\/h2><p>S\u00e4mtliche angebotenen Informationen d\u00fcrfen \u2013 auch auszugsweise \u2013 nur mit schriftlicher Genehmigung weiterverbreitet oder anderweitig ver\u00f6ffentlicht werden.<\/p><h2>Urheberrecht<\/h2><p>Videos, Fotos, Texte und Grafiken auf dieser Website sind durch das Urheberrecht, das Pers\u00f6nlichkeitsrecht und das Leistungsschutzrecht gesch\u00fctzt. Jede Nutzung bedarf der schriftlichen Genehmigung.<\/p>\t\t\t\t\t\t\t\t<\/div>\n\t\t\t\t\t<\/div>\n\t\t\t\t<\/div>\n\t\t\t\t<\/div>\n\t\t","protected":false},"excerpt":{"rendered":"<p>Impressum. Anbieter &amp; Verantwortlicher gem\u00e4\u00df \u00a710 Abs.3 MDStV sowie f\u00fcr redaktionelle Inhalte nach \u00a755 Abs.2 RStV Andr\u00e9 RehseFreiberuflicher Journalist und VideoproduzentBl\u00fccherstrasse 2210961 Berlin &#8211; GermanyUStID\/VAT No.: DE 208086367Kontakt: contact@andrerehse.de Inhalte und Haftungsausschluss Die vorstehenden Informationen und Texte sind nach bestem Wissen erstellt. F\u00fcr Richtigkeit und Aktualit\u00e4t kann dennoch keine Haftung \u00fcbernommen werden. F\u00fcr den Inhalt [&hellip;]<\/p>\n","protected":false},"author":1,"featured_media":0,"parent":0,"menu_order":0,"comment_status":"closed","ping_status":"closed","template":"","meta":{"footnotes":""},"class_list":["post-1142","page","type-page","status-publish","hentry"],"_links":{"self":[{"href":"https:\/\/andrerehse.com\/de\/wp-json\/wp\/v2\/pages\/1142","targetHints":{"allow":["GET"]}}],"collection":[{"href":"https:\/\/andrerehse.com\/de\/wp-json\/wp\/v2\/pages"}],"about":[{"href":"https:\/\/andrerehse.com\/de\/wp-json\/wp\/v2\/types\/page"}],"author":[{"embeddable":true,"href":"https:\/\/andrerehse.com\/de\/wp-json\/wp\/v2\/users\/1"}],"replies":[{"embeddable":true,"href":"https:\/\/andrerehse.com\/de\/wp-json\/wp\/v2\/comments?post=1142"}],"version-history":[{"count":0,"href":"https:\/\/andrerehse.com\/de\/wp-json\/wp\/v2\/pages\/1142\/revisions"}],"wp:attachment":[{"href":"https:\/\/andrerehse.com\/de\/wp-json\/wp\/v2\/media?parent=1142"}],"curies":[{"name":"wp","href":"https:\/\/api.w.org\/{rel}","templated":true}]}}